{"id":17,"date":"2020-09-21T15:24:41","date_gmt":"2020-09-21T13:24:41","guid":{"rendered":"http:\/\/localhost:8888\/clients\/experis\/web\/site\/experis.site?page_id=17"},"modified":"2023-11-04T10:43:05","modified_gmt":"2023-11-04T09:43:05","slug":"about-us","status":"publish","type":"page","link":"https:\/\/www.experis.fr\/en\/about-us\/","title":{"rendered":"About us"},"content":{"rendered":"\n\t<div class=\"container content__block block__circle right\">\n\t\t<div class=\"row\">\n\t\t\t<div class=\"col-lg-8 offset-lg-4\">\n\t\t\t\t<div class=\"item\">\n\t\t\t\t\t<div class=\"title\">OUR BROCHURES<\/div>\n\t\t\t\t\t<div class=\"info\">Edition 2024<\/div>\n\t\t\t\t<\/div>\n\t\t\t<\/div>\n\t\t<\/div>\n\t<\/div>\n\n\n\n\n\t<div class=\"container content__block block__links\">\n\t\t<div class=\"row\">\n\t\t\t<div class=\"col-md-10 col-lg-8 offset-md-1 offset-lg-2\">\n\t\t\t\t<ul>\n\t\t\t\t\t\t\t\t\t\t\t\t\t\t<li>\n\t\t\t\t\t\t<a href=\"https:\/\/sarlexperis-my.sharepoint.com\/:b:\/g\/personal\/fburtin_experis_fr\/EVMBFY_IaohEq1jZeYqsBpIBBzeO3Dw8UlAuHqdTE92ZPA\" target=\"_blank\">\n\t\t\t\t\t\t\t<span class=\"label\">Download Brochure 2024<\/span>\n\t\t\t\t\t\t\t<span class=\"icon\"><\/span>\n\t\t\t\t\t\t<\/a>\n\t\t\t\t\t<\/li>\n\t\t\t\t\t\t\t\t\t\t\t\t\t\t<li>\n\t\t\t\t\t\t<a href=\"https:\/\/sarlexperis-my.sharepoint.com\/:b:\/g\/personal\/fburtin_experis_fr\/Ea3tQoQmd_lHk8TGpTymxvUBRVj3Q-kLg7UMdw_sO52tOA?e=8oWQDN\" target=\"_blank\">\n\t\t\t\t\t\t\t<span class=\"label\">Download Brochure 2024 (Interactive)<\/span>\n\t\t\t\t\t\t\t<span class=\"icon\"><\/span>\n\t\t\t\t\t\t<\/a>\n\t\t\t\t\t<\/li>\n\t\t\t\t\t\t\t\t<\/ul>\n\t\t\t<\/div>\n\t\t<\/div>\n\t<\/div>\n\n\n\n\t<div class=\"container content__block block__circle left\">\n\t\t<div class=\"row\">\n\t\t\t<div class=\"col-lg-8 \">\n\t\t\t\t<div class=\"item\">\n\t\t\t\t\t<div class=\"title\">Who we are<\/div>\n\t\t\t\t\t<div class=\"info\">Experts in Beauty science<\/div>\n\t\t\t\t<\/div>\n\t\t\t<\/div>\n\t\t<\/div>\n\t<\/div>\n\n\n\t<div class=\"container content__block block__text first \">\n\t\t<div class=\"row\">\n\t\t\t<div class=\"col-md-10 col-lg-8\">\n\t\t\t\t<div class=\"text_container\"><p>_founded in 2006, EXPERIS is a pool of expertise dedicated to the beauty industry, a consultancy company specialized in brand &amp; product creation, innovation, and formula development. A 360\u00b0 expert profile with strong commitment to quality and sensoriality. A process \u201cHaute-couture\u201d in the attention to details and the pursuit of excellence.<\/p>\n<p>_EXPERIS is organized in 3 merging \u2018savoir-faire\u2019 [Create, Invente, Formulate] covering the entire spectrum of product development, from first idea to final formula.<\/p>\n<\/div>\n\t\t\t<\/div>\n\t\t<\/div>\n\t<\/div>\n\n\n\n\n\t<div class=\"container content__block block__circle right\">\n\t\t<div class=\"row\">\n\t\t\t<div class=\"col-lg-8 offset-lg-4\">\n\t\t\t\t<div class=\"item\">\n\t\t\t\t\t<div class=\"title\">The team<\/div>\n\t\t\t\t\t<div class=\"info\">Beauty enthusiasts<\/div>\n\t\t\t\t<\/div>\n\t\t\t<\/div>\n\t\t<\/div>\n\t<\/div>\n\n\n\n\t<div class=\"container content__block block__people\">\n\t\n\t\t\n\t\t\t<div class=\"row\">\n\t\t\t\t<div class=\"item col-md-4 col-lg-3 offset-lg-2\">\n\n\t\t\t\t\t\t\t\t\t\t<div class=\"img\">\n\t\t\t\t\t\t<img decoding=\"async\"   src=\"https:\/\/www.experis.fr\/wp-content\/uploads\/2023\/10\/FRED_V1-400x600.jpg\"  srcset=\"https:\/\/www.experis.fr\/wp-content\/uploads\/2023\/10\/FRED_V1-400x600.jpg 400w, https:\/\/www.experis.fr\/wp-content\/uploads\/2023\/10\/FRED_V1-1000x1500.jpg 1000w, https:\/\/www.experis.fr\/wp-content\/uploads\/2023\/10\/FRED_V1-600x900.jpg 600w, https:\/\/www.experis.fr\/wp-content\/uploads\/2023\/10\/FRED_V1.jpg 2100w\" sizes=\"(max-width:400px) 100vw, 400px\">\t\t\t\t\t<\/div>\n\n\n\t\t\t\t\t<div class=\"meta\">\n\n\n\t\t\t\t\t\t\t\t\t\t\t<div class=\"name\">\n\t\t\t\t\t\t\t<p>_Fr\u00e9d\u00e9ric BURTIN<\/p>\n\t\t\t\t\t\t<\/div>\n\t\t\t\t\t\n\t\t\t\t\t\t\t\t\t\t\t<div class=\"job\">\n\t\t\t\t\t\t\t<p>Founder &#038; CEO<\/p>\n\t\t\t\t\t\t<\/div>\n\t\t\t\t\t\n\t\t\t\t\t\t\t\t\t\t\t<div class=\"text_container\">\n\t\t\t\t\t\t\t<p>biologist and Chemist + Fragrance school of Versailles. 15 years as skincare head chemist for LVMH group (Dior, Guerlain, Kenzo, Fresh, Givenchy\u2026). Creator of the niche fragrance brand Institut Tr\u00e8s Bien.<\/p>\n\t\t\t\t\t\t<\/div>\n\t\t\t\t\t\t\t\t\t\t\n\n\t\t\t\t\t<\/div>\n\n\t\t\t\t<\/div>\n\n\t\t\t\n\t\t\t\n\t\t\n\t\t\t\n\t\t\t\t<div class=\"item col-md-4 col-lg-3 \">\n\n\t\t\t\t\t\t\t\t\t\t<div class=\"img\">\n\t\t\t\t\t\t<img decoding=\"async\"   src=\"https:\/\/www.experis.fr\/wp-content\/uploads\/2023\/10\/LUCILE_V1-400x600.jpg\"  srcset=\"https:\/\/www.experis.fr\/wp-content\/uploads\/2023\/10\/LUCILE_V1-400x600.jpg 400w, https:\/\/www.experis.fr\/wp-content\/uploads\/2023\/10\/LUCILE_V1-1000x1500.jpg 1000w, https:\/\/www.experis.fr\/wp-content\/uploads\/2023\/10\/LUCILE_V1-600x900.jpg 600w, https:\/\/www.experis.fr\/wp-content\/uploads\/2023\/10\/LUCILE_V1.jpg 2100w\" sizes=\"(max-width:400px) 100vw, 400px\">\t\t\t\t\t<\/div>\n\n\n\t\t\t\t\t<div class=\"meta\">\n\n\n\t\t\t\t\t\t\t\t\t\t\t<div class=\"name\">\n\t\t\t\t\t\t\t<p>_Lucile RENAULT<\/p>\n\t\t\t\t\t\t<\/div>\n\t\t\t\t\t\n\t\t\t\t\t\t\t\t\t\t\t<div class=\"job\">\n\t\t\t\t\t\t\t<p>R&#038;D Engineer<\/p>\n\t\t\t\t\t\t<\/div>\n\t\t\t\t\t\n\t\t\t\t\t\t\t\t\t\t\t<div class=\"text_container\">\n\t\t\t\t\t\t\t<p>engineer degree in formulation chemistry at ITECH LYON Engineer school.<\/p>\n\t\t\t\t\t\t<\/div>\n\t\t\t\t\t\t\t\t\t\t\n\n\t\t\t\t\t<\/div>\n\n\t\t\t\t<\/div>\n\n\t\t\t\n\t\t\t\n\t\t\n\t\t\t\n\t\t\t\t<div class=\"item col-md-4 col-lg-3 \">\n\n\t\t\t\t\t\t\t\t\t\t<div class=\"img\">\n\t\t\t\t\t\t<img decoding=\"async\"   src=\"https:\/\/www.experis.fr\/wp-content\/uploads\/2023\/10\/MIKA_V1-400x600.jpg\"  srcset=\"https:\/\/www.experis.fr\/wp-content\/uploads\/2023\/10\/MIKA_V1-400x600.jpg 400w, https:\/\/www.experis.fr\/wp-content\/uploads\/2023\/10\/MIKA_V1-1000x1500.jpg 1000w, https:\/\/www.experis.fr\/wp-content\/uploads\/2023\/10\/MIKA_V1-600x900.jpg 600w, https:\/\/www.experis.fr\/wp-content\/uploads\/2023\/10\/MIKA_V1.jpg 2100w\" sizes=\"(max-width:400px) 100vw, 400px\">\t\t\t\t\t<\/div>\n\n\n\t\t\t\t\t<div class=\"meta\">\n\n\n\t\t\t\t\t\t\t\t\t\t\t<div class=\"name\">\n\t\t\t\t\t\t\t<p>_Mikail ALDEMIR<\/p>\n\t\t\t\t\t\t<\/div>\n\t\t\t\t\t\n\t\t\t\t\t\t\t\t\t\t\t<div class=\"job\">\n\t\t\t\t\t\t\t<p>Apprentice<\/p>\n\t\t\t\t\t\t<\/div>\n\t\t\t\t\t\n\t\t\t\t\t\t\t\t\t\t\t<div class=\"text_container\">\n\t\t\t\t\t\t\t<p>master 2 in formulation and industrial chemistry at Lyon 1 University<\/p>\n\t\t\t\t\t\t<\/div>\n\t\t\t\t\t\t\t\t\t\t\n\n\t\t\t\t\t<\/div>\n\n\t\t\t\t<\/div>\n\n\t\t\t<\/div>\n\t\t\t\n\t\t\n\t\t\t<div class=\"row\">\n\t\t\t\t<div class=\"item col-md-4 col-lg-3 offset-lg-2\">\n\n\t\t\t\t\t\t\t\t\t\t<div class=\"img\">\n\t\t\t\t\t\t<img decoding=\"async\"   src=\"https:\/\/www.experis.fr\/wp-content\/uploads\/2023\/10\/SABINE_V1-400x600.jpg\"  srcset=\"https:\/\/www.experis.fr\/wp-content\/uploads\/2023\/10\/SABINE_V1-400x600.jpg 400w, https:\/\/www.experis.fr\/wp-content\/uploads\/2023\/10\/SABINE_V1-1000x1500.jpg 1000w, https:\/\/www.experis.fr\/wp-content\/uploads\/2023\/10\/SABINE_V1-600x900.jpg 600w, https:\/\/www.experis.fr\/wp-content\/uploads\/2023\/10\/SABINE_V1.jpg 2100w\" sizes=\"(max-width:400px) 100vw, 400px\">\t\t\t\t\t<\/div>\n\n\n\t\t\t\t\t<div class=\"meta\">\n\n\n\t\t\t\t\t\t\t\t\t\t\t<div class=\"name\">\n\t\t\t\t\t\t\t<p>_Sabine FERNANDEZ<\/p>\n\t\t\t\t\t\t<\/div>\n\t\t\t\t\t\n\t\t\t\t\t\t\t\t\t\t\t<div class=\"job\">\n\t\t\t\t\t\t\t<p>Admin &#038; Tech Assistant<\/p>\n\t\t\t\t\t\t<\/div>\n\t\t\t\t\t\n\t\t\t\t\t\t\t\t\t\t\t<div class=\"text_container\">\n\t\t\t\t\t\t\t<p>degree in customer service and supply chain<\/p>\n\t\t\t\t\t\t<\/div>\n\t\t\t\t\t\t\t\t\t\t\n\n\t\t\t\t\t<\/div>\n\n\t\t\t\t<\/div>\n\n\t\t\t<\/div>\n\t\t\t\n\t\t\n\t<\/div>\n\n\n\n\t<div class=\"container content__block block__circle left\">\n\t\t<div class=\"row\">\n\t\t\t<div class=\"col-lg-8 \">\n\t\t\t\t<div class=\"item\">\n\t\t\t\t\t<div class=\"title\">Our clients<\/div>\n\t\t\t\t\t<div class=\"info\">We are proud to work with them!<\/div>\n\t\t\t\t<\/div>\n\t\t\t<\/div>\n\t\t<\/div>\n\t<\/div>\n\n\n\t<div class=\"container content__block block__title\">\n\t\t<div class=\"row\">\n\t\t\t<div class=\"col-md-10 col-lg-8 offset-md-1 offset-lg-2\">\n\t\t\t\t<h2 class=\"title\">France<\/h2>\n\t\t\t<\/div>\n\t\t<\/div>\n\t<\/div>\n\n\n\t<div class=\"container content__block block__logos\">\n\t\t<div class=\"row\">\n\t\t\t<div class=\"col-md-10 col-lg-8 offset-md-1 offset-lg-2\">\n\t\t\t\t<div class=\"row\">\n\t\t\t\t\t\t\t\t\t\t\t<div class=\"item col-6 col-sm-3\">\n\t\t\t\t\t\t\t\t\t\t\t\t\t\t\t\t\t\t\t\t\t<div class=\"img_container\">\n\t\t\t\t\t\t\t\t<img decoding=\"async\" src=\"https:\/\/www.experis.fr\/wp-content\/uploads\/2022\/10\/20_LOGO-SHISEIDO.png\" alt=\"\">\n\t\t\t\t\t\t\t<\/div>\n\t\t\t\t\t\t\t\t\t\t\t\t\t<\/div>\n\t\t\t\t\t\t\t\t\t\t\t<div class=\"item col-6 col-sm-3\">\n\t\t\t\t\t\t\t\t\t\t\t\t\t\t\t\t\t\t\t\t\t<div class=\"img_container\">\n\t\t\t\t\t\t\t\t<img decoding=\"async\" src=\"https:\/\/www.experis.fr\/wp-content\/uploads\/2022\/10\/19_LOGO-ULE.png\" alt=\"\">\n\t\t\t\t\t\t\t<\/div>\n\t\t\t\t\t\t\t\t\t\t\t\t\t<\/div>\n\t\t\t\t\t\t\t\t\t\t\t<div class=\"item col-6 col-sm-3\">\n\t\t\t\t\t\t\t\t\t\t\t\t\t\t\t\t\t\t\t\t\t<div class=\"img_container\">\n\t\t\t\t\t\t\t\t<img decoding=\"async\" src=\"https:\/\/www.experis.fr\/wp-content\/uploads\/2020\/11\/1_LOGO-ITB.png\" alt=\"\">\n\t\t\t\t\t\t\t<\/div>\n\t\t\t\t\t\t\t\t\t\t\t\t\t<\/div>\n\t\t\t\t\t\t\t\t\t\t\t<div class=\"item col-6 col-sm-3\">\n\t\t\t\t\t\t\t\t\t\t\t\t\t\t\t\t\t\t\t\t\t<div class=\"img_container\">\n\t\t\t\t\t\t\t\t<img decoding=\"async\" src=\"https:\/\/www.experis.fr\/wp-content\/uploads\/2020\/11\/6_LOGO-DIPTYQUE.png\" alt=\"\">\n\t\t\t\t\t\t\t<\/div>\n\t\t\t\t\t\t\t\t\t\t\t\t\t<\/div>\n\t\t\t\t\t\t\t\t\t\t\t<div class=\"item col-6 col-sm-3\">\n\t\t\t\t\t\t\t\t\t\t\t\t\t\t\t\t\t\t\t\t\t<div class=\"img_container\">\n\t\t\t\t\t\t\t\t<img decoding=\"async\" src=\"https:\/\/www.experis.fr\/wp-content\/uploads\/2022\/10\/17_LOGO-PUREALITY.png\" alt=\"\">\n\t\t\t\t\t\t\t<\/div>\n\t\t\t\t\t\t\t\t\t\t\t\t\t<\/div>\n\t\t\t\t\t\t\t\t\t\t\t<div class=\"item col-6 col-sm-3\">\n\t\t\t\t\t\t\t\t\t\t\t\t\t\t\t\t\t\t\t\t\t<div class=\"img_container\">\n\t\t\t\t\t\t\t\t<img decoding=\"async\" src=\"https:\/\/www.experis.fr\/wp-content\/uploads\/2022\/10\/14_LOGO-SERVIER-new.png\" alt=\"\">\n\t\t\t\t\t\t\t<\/div>\n\t\t\t\t\t\t\t\t\t\t\t\t\t<\/div>\n\t\t\t\t\t\t\t\t\t\t\t<div class=\"item col-6 col-sm-3\">\n\t\t\t\t\t\t\t\t\t\t\t\t\t\t\t\t\t\t\t\t\t<div class=\"img_container\">\n\t\t\t\t\t\t\t\t<img decoding=\"async\" src=\"https:\/\/www.experis.fr\/wp-content\/uploads\/2020\/11\/8_LOGO-DEMAKEUP.png\" alt=\"\">\n\t\t\t\t\t\t\t<\/div>\n\t\t\t\t\t\t\t\t\t\t\t\t\t<\/div>\n\t\t\t\t\t\t\t\t\t\t\t<div class=\"item col-6 col-sm-3\">\n\t\t\t\t\t\t\t\t\t\t\t\t\t\t\t\t\t\t\t\t\t<div class=\"img_container\">\n\t\t\t\t\t\t\t\t<img decoding=\"async\" src=\"https:\/\/www.experis.fr\/wp-content\/uploads\/2022\/10\/21_LOGO-CIDRALIS.png\" alt=\"\">\n\t\t\t\t\t\t\t<\/div>\n\t\t\t\t\t\t\t\t\t\t\t\t\t<\/div>\n\t\t\t\t\t\t\t\t\t<\/div>\n\t\t\t<\/div>\n\t\t<\/div>\n\t<\/div>\n\n\n\t<div class=\"container content__block block__title\">\n\t\t<div class=\"row\">\n\t\t\t<div class=\"col-md-10 col-lg-8 offset-md-1 offset-lg-2\">\n\t\t\t\t<h2 class=\"title\">USA<\/h2>\n\t\t\t<\/div>\n\t\t<\/div>\n\t<\/div>\n\n\n\t<div class=\"container content__block block__logos\">\n\t\t<div class=\"row\">\n\t\t\t<div class=\"col-md-10 col-lg-8 offset-md-1 offset-lg-2\">\n\t\t\t\t<div class=\"row\">\n\t\t\t\t\t\t\t\t\t\t\t<div class=\"item col-6 col-sm-3\">\n\t\t\t\t\t\t\t\t\t\t\t\t\t\t\t\t\t\t\t\t\t<div class=\"img_container\">\n\t\t\t\t\t\t\t\t<img decoding=\"async\" src=\"https:\/\/www.experis.fr\/wp-content\/uploads\/2020\/11\/11_LOGO-FRESH.png\" alt=\"\">\n\t\t\t\t\t\t\t<\/div>\n\t\t\t\t\t\t\t\t\t\t\t\t\t<\/div>\n\t\t\t\t\t\t\t\t\t\t\t<div class=\"item col-6 col-sm-3\">\n\t\t\t\t\t\t\t\t\t\t\t\t\t\t\t\t\t\t\t\t\t<div class=\"img_container\">\n\t\t\t\t\t\t\t\t<img decoding=\"async\" src=\"https:\/\/www.experis.fr\/wp-content\/uploads\/2020\/11\/16_LOGO-NARS.png\" alt=\"\">\n\t\t\t\t\t\t\t<\/div>\n\t\t\t\t\t\t\t\t\t\t\t\t\t<\/div>\n\t\t\t\t\t\t\t\t\t\t\t<div class=\"item col-6 col-sm-3\">\n\t\t\t\t\t\t\t\t\t\t\t\t\t\t\t\t\t\t\t\t\t<div class=\"img_container\">\n\t\t\t\t\t\t\t\t<img decoding=\"async\" src=\"https:\/\/www.experis.fr\/wp-content\/uploads\/2020\/11\/15_LOGO-REMEDE.png\" alt=\"\">\n\t\t\t\t\t\t\t<\/div>\n\t\t\t\t\t\t\t\t\t\t\t\t\t<\/div>\n\t\t\t\t\t\t\t\t\t<\/div>\n\t\t\t<\/div>\n\t\t<\/div>\n\t<\/div>\n\n\n\t<div class=\"container content__block block__title\">\n\t\t<div class=\"row\">\n\t\t\t<div class=\"col-md-10 col-lg-8 offset-md-1 offset-lg-2\">\n\t\t\t\t<h2 class=\"title\">South Korea<\/h2>\n\t\t\t<\/div>\n\t\t<\/div>\n\t<\/div>\n\n\n\t<div class=\"container content__block block__logos\">\n\t\t<div class=\"row\">\n\t\t\t<div class=\"col-md-10 col-lg-8 offset-md-1 offset-lg-2\">\n\t\t\t\t<div class=\"row\">\n\t\t\t\t\t\t\t\t\t\t\t<div class=\"item col-6 col-sm-3\">\n\t\t\t\t\t\t\t\t\t\t\t\t\t\t\t\t\t\t\t\t\t<div class=\"img_container\">\n\t\t\t\t\t\t\t\t<img decoding=\"async\" src=\"https:\/\/www.experis.fr\/wp-content\/uploads\/2020\/11\/10_LOGO-BTS.png\" alt=\"\">\n\t\t\t\t\t\t\t<\/div>\n\t\t\t\t\t\t\t\t\t\t\t\t\t<\/div>\n\t\t\t\t\t\t\t\t\t\t\t<div class=\"item col-6 col-sm-3\">\n\t\t\t\t\t\t\t\t\t\t\t\t\t\t\t\t\t\t\t\t\t<div class=\"img_container\">\n\t\t\t\t\t\t\t\t<img decoding=\"async\" src=\"https:\/\/www.experis.fr\/wp-content\/uploads\/2020\/11\/7_LOGO-SOOHYANG.png\" alt=\"\">\n\t\t\t\t\t\t\t<\/div>\n\t\t\t\t\t\t\t\t\t\t\t\t\t<\/div>\n\t\t\t\t\t\t\t\t\t\t\t<div class=\"item col-6 col-sm-3\">\n\t\t\t\t\t\t\t\t\t\t\t\t\t\t\t\t\t\t\t\t\t<div class=\"img_container\">\n\t\t\t\t\t\t\t\t<img decoding=\"async\" src=\"https:\/\/www.experis.fr\/wp-content\/uploads\/2020\/11\/9_LOGO-JULLAI.png\" alt=\"\">\n\t\t\t\t\t\t\t<\/div>\n\t\t\t\t\t\t\t\t\t\t\t\t\t<\/div>\n\t\t\t\t\t\t\t\t\t\t\t<div class=\"item col-6 col-sm-3\">\n\t\t\t\t\t\t\t\t\t\t\t\t\t\t\t\t\t\t\t\t\t<div class=\"img_container\">\n\t\t\t\t\t\t\t\t<img decoding=\"async\" src=\"https:\/\/www.experis.fr\/wp-content\/uploads\/2020\/11\/12_LOGO-SOLO-BIANCO.png\" alt=\"\">\n\t\t\t\t\t\t\t<\/div>\n\t\t\t\t\t\t\t\t\t\t\t\t\t<\/div>\n\t\t\t\t\t\t\t\t\t<\/div>\n\t\t\t<\/div>\n\t\t<\/div>\n\t<\/div>\n\n\n\t<div class=\"container content__block block__title\">\n\t\t<div class=\"row\">\n\t\t\t<div class=\"col-md-10 col-lg-8 offset-md-1 offset-lg-2\">\n\t\t\t\t<h2 class=\"title\">Japan<\/h2>\n\t\t\t<\/div>\n\t\t<\/div>\n\t<\/div>\n\n\n\t<div class=\"container content__block block__logos\">\n\t\t<div class=\"row\">\n\t\t\t<div class=\"col-md-10 col-lg-8 offset-md-1 offset-lg-2\">\n\t\t\t\t<div class=\"row\">\n\t\t\t\t\t\t\t\t\t\t\t<div class=\"item col-6 col-sm-3\">\n\t\t\t\t\t\t\t\t\t\t\t\t\t\t\t\t\t\t\t\t\t<div class=\"img_container\">\n\t\t\t\t\t\t\t\t<img decoding=\"async\" src=\"https:\/\/www.experis.fr\/wp-content\/uploads\/2020\/11\/13_LOGO-MUCOTA.png\" alt=\"\">\n\t\t\t\t\t\t\t<\/div>\n\t\t\t\t\t\t\t\t\t\t\t\t\t<\/div>\n\t\t\t\t\t\t\t\t\t<\/div>\n\t\t\t<\/div>\n\t\t<\/div>\n\t<\/div>\n\n\n\t<div class=\"container content__block block__title\">\n\t\t<div class=\"row\">\n\t\t\t<div class=\"col-md-10 col-lg-8 offset-md-1 offset-lg-2\">\n\t\t\t\t<h2 class=\"title\">China<\/h2>\n\t\t\t<\/div>\n\t\t<\/div>\n\t<\/div>\n\n\n\t<div class=\"container content__block block__logos\">\n\t\t<div class=\"row\">\n\t\t\t<div class=\"col-md-10 col-lg-8 offset-md-1 offset-lg-2\">\n\t\t\t\t<div class=\"row\">\n\t\t\t\t\t\t\t\t\t\t\t<div class=\"item col-6 col-sm-3\">\n\t\t\t\t\t\t\t\t\t\t\t\t\t\t\t\t\t\t\t\t\t<div class=\"img_container\">\n\t\t\t\t\t\t\t\t<img decoding=\"async\" src=\"https:\/\/www.experis.fr\/wp-content\/uploads\/2023\/09\/23_GENECHER.png\" alt=\"\">\n\t\t\t\t\t\t\t<\/div>\n\t\t\t\t\t\t\t\t\t\t\t\t\t<\/div>\n\t\t\t\t\t\t\t\t\t<\/div>\n\t\t\t<\/div>\n\t\t<\/div>\n\t<\/div>\n\n\n\n\t<div class=\"container content__block block__circle right\">\n\t\t<div class=\"row\">\n\t\t\t<div class=\"col-lg-8 offset-lg-4\">\n\t\t\t\t<div class=\"item\">\n\t\t\t\t\t<div class=\"title\">Where we act<\/div>\n\t\t\t\t\t<div class=\"info\">EU, USA, Asia<\/div>\n\t\t\t\t<\/div>\n\t\t\t<\/div>\n\t\t<\/div>\n\t<\/div>\n\n\n\t<div class=\"container content__block block__text \">\n\t\t<div class=\"row\">\n\t\t\t<div class=\"col-md-10 col-lg-8  offset-md-1 offset-lg-2\">\n\t\t\t\t<div class=\"text_container\"><p>_our creative lab and space is located in Lyon, France, and is represented in Seoul, South Korea, by our local partner Latitude 37.<\/p>\n<p>_since 2006, our adventures have led us to work for brands all over the world, discovering as many talents as different cultures.<\/p>\n<\/div>\n\t\t\t<\/div>\n\t\t<\/div>\n\t<\/div>\n\n\n\n\n\t<div class=\"container content__block block__circle left\">\n\t\t<div class=\"row\">\n\t\t\t<div class=\"col-lg-8 \">\n\t\t\t\t<div class=\"item\">\n\t\t\t\t\t<div class=\"title\">Our partners<\/div>\n\t\t\t\t\t<div class=\"info\">We love working with them!<\/div>\n\t\t\t\t<\/div>\n\t\t\t<\/div>\n\t\t<\/div>\n\t<\/div>\n\n\n\t<div class=\"container content__block block__logos\">\n\t\t<div class=\"row\">\n\t\t\t<div class=\"col-md-10 col-lg-8 offset-md-1 offset-lg-2\">\n\t\t\t\t<div class=\"row\">\n\t\t\t\t\t\t\t\t\t\t\t<div class=\"item col-6 col-sm-3\">\n\t\t\t\t\t\t\t<a href=\"http:\/\/www.latitude-37.com\" target=\"_blank\">\t\t\t\t\t\t\t\t\t\t\t\t\t\t<div class=\"img_container\">\n\t\t\t\t\t\t\t\t<img decoding=\"async\" src=\"https:\/\/www.experis.fr\/wp-content\/uploads\/2020\/11\/2_LOGO-LATITUDE.png\" alt=\"\">\n\t\t\t\t\t\t\t<\/div>\n\t\t\t\t\t\t\t<\/a>\t\t\t\t\t\t<\/div>\n\t\t\t\t\t\t\t\t\t\t\t<div class=\"item col-6 col-sm-3\">\n\t\t\t\t\t\t\t<a href=\"http:\/\/www.inspiration-creation.com\/\" target=\"_blank\">\t\t\t\t\t\t\t\t\t\t\t\t\t\t<div class=\"img_container\">\n\t\t\t\t\t\t\t\t<img decoding=\"async\" src=\"https:\/\/www.experis.fr\/wp-content\/uploads\/2020\/11\/3_LOGO-CIC.png\" alt=\"\">\n\t\t\t\t\t\t\t<\/div>\n\t\t\t\t\t\t\t<\/a>\t\t\t\t\t\t<\/div>\n\t\t\t\t\t\t\t\t\t\t\t<div class=\"item col-6 col-sm-3\">\n\t\t\t\t\t\t\t<a href=\"http:\/\/www.pallidafragrances.fr\/\" target=\"_blank\">\t\t\t\t\t\t\t\t\t\t\t\t\t\t<div class=\"img_container\">\n\t\t\t\t\t\t\t\t<img decoding=\"async\" src=\"https:\/\/www.experis.fr\/wp-content\/uploads\/2020\/11\/4_LOGO-PALLIDA.png\" alt=\"\">\n\t\t\t\t\t\t\t<\/div>\n\t\t\t\t\t\t\t<\/a>\t\t\t\t\t\t<\/div>\n\t\t\t\t\t\t\t\t\t\t\t<div class=\"item col-6 col-sm-3\">\n\t\t\t\t\t\t\t<a href=\"http:\/\/vaninamuracciole.com\/\" target=\"_blank\">\t\t\t\t\t\t\t\t\t\t\t\t\t\t<div class=\"img_container\">\n\t\t\t\t\t\t\t\t<img decoding=\"async\" src=\"https:\/\/www.experis.fr\/wp-content\/uploads\/2022\/10\/5_LOGO-VANINA-NEW.png\" alt=\"\">\n\t\t\t\t\t\t\t<\/div>\n\t\t\t\t\t\t\t<\/a>\t\t\t\t\t\t<\/div>\n\t\t\t\t\t\t\t\t\t\t\t<div class=\"item col-6 col-sm-3\">\n\t\t\t\t\t\t\t<a href=\"https:\/\/www.beauty-motion.com\/\" target=\"_blank\">\t\t\t\t\t\t\t\t\t\t\t\t\t\t<div class=\"img_container\">\n\t\t\t\t\t\t\t\t<img decoding=\"async\" src=\"https:\/\/www.experis.fr\/wp-content\/uploads\/2022\/10\/21_BEAUTY-MOTION.png\" alt=\"\">\n\t\t\t\t\t\t\t<\/div>\n\t\t\t\t\t\t\t<\/a>\t\t\t\t\t\t<\/div>\n\t\t\t\t\t\t\t\t\t<\/div>\n\t\t\t<\/div>\n\t\t<\/div>\n\t<\/div>\n\n\n\n\t<div class=\"container content__block block__circle right\">\n\t\t<div class=\"row\">\n\t\t\t<div class=\"col-lg-8 offset-lg-4\">\n\t\t\t\t<div class=\"item\">\n\t\t\t\t\t<div class=\"title\">TESTIMONIALS<\/div>\n\t\t\t\t\t<div class=\"info\">They said this!<\/div>\n\t\t\t\t<\/div>\n\t\t\t<\/div>\n\t\t<\/div>\n\t<\/div>\n\n\n\n\t<div class=\"container content__block block__testimonial\">\n\t\t<div class=\"row\">\n\t\t\t<div class=\"col-md-10 col-lg-8 offset-md-1 offset-lg-2\">\n\t\t\t\t<div class=\"item\">\n\t\t\t\t\t<div class=\"content\">When you talk about skincare and perfume development, Frederic\u2019s Curiosity, Creativity and Experience blend naturally! This has remarkably made every project we realized together so exciting!<\/div>\n\t\t\t\t\t<div class=\"name\">Xavier Dufoix<\/div>\n\t\t\t\t\t<div class=\"job_company\">Founder &#038; CEO _ Latitude 37<\/div>\n\t\t\t\t<\/div>\n\t\t\t<\/div>\n\t\t<\/div>\n\t<\/div>\n\n\n\n\t<div class=\"container content__block block__testimonial\">\n\t\t<div class=\"row\">\n\t\t\t<div class=\"col-md-10 col-lg-8 offset-md-1 offset-lg-2\">\n\t\t\t\t<div class=\"item\">\n\t\t\t\t\t<div class=\"content\">Frederic is a fantastic partner, very sharp and highly professional. He is always inventive, solution minded and creative in his approach. He is the kind of person you can trust and will love to work with!<\/div>\n\t\t\t\t\t<div class=\"name\">Le\u00efla Rochet<\/div>\n\t\t\t\t\t<div class=\"job_company\">Founder &#038; CEO _ Cosmetics Inspiration &#038; Creation<\/div>\n\t\t\t\t<\/div>\n\t\t\t<\/div>\n\t\t<\/div>\n\t<\/div>\n\n\n\n\t<div class=\"container content__block block__testimonial\">\n\t\t<div class=\"row\">\n\t\t\t<div class=\"col-md-10 col-lg-8 offset-md-1 offset-lg-2\">\n\t\t\t\t<div class=\"item\">\n\t\t\t\t\t<div class=\"content\">When i need advice or specific development, I know that Frederic will be the perfect partner. His skill and his creativity are always the right answer to my requests or those of my clients!!<\/div>\n\t\t\t\t\t<div class=\"name\">Thomas Fontaine<\/div>\n\t\t\t\t\t<div class=\"job_company\">CEO _ Pallida Fragrances<\/div>\n\t\t\t\t<\/div>\n\t\t\t<\/div>\n\t\t<\/div>\n\t<\/div>\n\n\n\n\t<div class=\"container content__block block__testimonial\">\n\t\t<div class=\"row\">\n\t\t\t<div class=\"col-md-10 col-lg-8 offset-md-1 offset-lg-2\">\n\t\t\t\t<div class=\"item\">\n\t\t\t\t\t<div class=\"content\">Un partenaire exceptionnel. Depuis de nombreuses ann\u00e9es que nous collaborons, sa technicit\u00e9, son approche et sa rigueur ont fait de lui une r\u00e9f\u00e9rence professionnelle s\u00fbre. Un pr\u00e9cieux collaborateur qui sait trouver des solutions \u00e0 tous les sujets.<\/div>\n\t\t\t\t\t<div class=\"name\">Vanina Muracciole<\/div>\n\t\t\t\t\t<div class=\"job_company\">CEO _ Vanina Muracciole Parfums<\/div>\n\t\t\t\t<\/div>\n\t\t\t<\/div>\n\t\t<\/div>\n\t<\/div>\n\n\n\n\t<div class=\"container content__block block__testimonial lang_kr\">\n\t\t<div class=\"row\">\n\t\t\t<div class=\"col-md-10 col-lg-8 offset-md-1 offset-lg-2\">\n\t\t\t\t<div class=\"item\">\n\t\t\t\t\t<div class=\"content\">\ud504\ub808\ub370\ub9ad\uacfc\uc758 \uc791\uc5c5\uc740 \ub098\uc5d0\uac8c \uc0c8\ub85c\uc6b4 \uc138\uacc4\uc758 \ubb38\uc744 \uc5f4\uc5b4 \uc8fc\uc5c8\ub2e4. \r\n\ucc98\uc74c \ud504\ub808\ub370\ub9ad\uc758 \ub7a9\uc5d0 \uac14\uc744\ub54c \ud654\uc7a5\ud488 \uac1c\ubc1c\uc744 \ucc98\uc74c \ud574\ubcf4\ub294 \ub098\ub294 \uacfc\uc5f0 \uc798\ud560 \uc218 \uc788\uc744\uae4c \uac71\uc815\uc774 \ub9ce\uc558\ub2e4.\r\n\uadf8\ub294 \ub098\uc5d0\uac8c \uac1c\ubc1c\uc790\uc758 \uc9c4\uc815\uc131\uc788\ub294 \uc2a4\ud1a0\ub9ac\uc57c \ub9d0\ub85c \uac00\uc7a5 \uc911\uc694\ud55c \ud654\uc7a5\ud488\uc758 \uc7ac\ub8cc\ub77c\uace0 \ud588\ub2e4.\r\n\uc6b0\ub9ac\uc758 \uc791\uc5c5\uc740 \ub0b4\uac00 \uc544\ub984\ub2e4\uc6c0\uc5d0 \ub300\ud574 \uc5b4\ub5a4 \uac00\uce58\uad00\uc744 \uac00\uc9c0\uace0 \uc788\ub294\uc9c0\ubd80\ud130 \uc2dc\uc791\ud588\ub2e4. \r\n\uc11c\ub85c \uc774\uc57c\uae30\ub97c \ucda9\ubd84\ud788 \ub098\ub208 \ub4a4, \uadf8\ub294 \ub300\ud654\uc5d0\uc11c \ub044\uc9d1\uc5b4 \ub0b8 \uc544\uc774\ub514\uc5b4\ub97c \ud3ec\ubbac\ub77c\ub85c \ub9cc\ub4e4\uae30 \uc2dc\uc791\ud588\ub2e4. \r\n\uadf8\ub294 \uc544\ubb34\ub9ac \ud558\ucc2e\uc740 \uc544\uc774\ub514\uc5b4\ub3c4 \ud6cc\ub96d\ud55c \uacb0\uacfc\ubb3c\ub85c \ubc14\uafc0 \uc218 \uc788\ub294 \ud3ec\ubbac\ub7ec\uc758 \ub9c8\ubc95\uc0ac\uc774\ub2e4.\r\n<\/div>\n\t\t\t\t\t<div class=\"name\">Soohyang Kim<\/div>\n\t\t\t\t\t<div class=\"job_company\">Founder &#038; CEO _ Soohyang<\/div>\n\t\t\t\t<\/div>\n\t\t\t<\/div>\n\t\t<\/div>\n\t<\/div>\n","protected":false},"excerpt":{"rendered":"","protected":false},"author":1,"featured_media":0,"parent":0,"menu_order":0,"comment_status":"closed","ping_status":"closed","template":"template-master.php","meta":{"footnotes":""},"acf":[],"aioseo_notices":[],"_links":{"self":[{"href":"https:\/\/www.experis.fr\/en\/wp-json\/wp\/v2\/pages\/17"}],"collection":[{"href":"https:\/\/www.experis.fr\/en\/wp-json\/wp\/v2\/pages"}],"about":[{"href":"https:\/\/www.experis.fr\/en\/wp-json\/wp\/v2\/types\/page"}],"author":[{"embeddable":true,"href":"https:\/\/www.experis.fr\/en\/wp-json\/wp\/v2\/users\/1"}],"replies":[{"embeddable":true,"href":"https:\/\/www.experis.fr\/en\/wp-json\/wp\/v2\/comments?post=17"}],"version-history":[{"count":2,"href":"https:\/\/www.experis.fr\/en\/wp-json\/wp\/v2\/pages\/17\/revisions"}],"predecessor-version":[{"id":3497,"href":"https:\/\/www.experis.fr\/en\/wp-json\/wp\/v2\/pages\/17\/revisions\/3497"}],"wp:attachment":[{"href":"https:\/\/www.experis.fr\/en\/wp-json\/wp\/v2\/media?parent=17"}],"curies":[{"name":"wp","href":"https:\/\/api.w.org\/{rel}","templated":true}]}}