{"id":30,"date":"2020-09-21T15:27:47","date_gmt":"2020-09-21T13:27:47","guid":{"rendered":"http:\/\/localhost:8888\/clients\/experis\/web\/site\/experis.site?page_id=30"},"modified":"2022-02-05T19:48:05","modified_gmt":"2022-02-05T18:48:05","slug":"a-propos","status":"publish","type":"page","link":"https:\/\/www.experis.fr\/fr\/a-propos\/","title":{"rendered":"About us"},"content":{"rendered":"\n\t<div class=\"container content__block block__circle left\">\n\t\t<div class=\"row\">\n\t\t\t<div class=\"col-lg-8 \">\n\t\t\t\t<div class=\"item\">\n\t\t\t\t\t<div class=\"title\">Qui nous sommes<\/div>\n\t\t\t\t\t<div class=\"info\">Des experts en science de la beaut\u00e9<\/div>\n\t\t\t\t<\/div>\n\t\t\t<\/div>\n\t\t<\/div>\n\t<\/div>\n\n\n\t<div class=\"container content__block block__text first \">\n\t\t<div class=\"row\">\n\t\t\t<div class=\"col-md-10 col-lg-8\">\n\t\t\t\t<div class=\"text_container\"><p>Fond\u00e9e en 2006, EXPERIS est un p\u00f4le d&rsquo;expertise d\u00e9di\u00e9 \u00e0 l&rsquo;industrie de la beaut\u00e9, un cabinet de conseil sp\u00e9cialis\u00e9 dans la cr\u00e9ation de marques et de produits, l&rsquo;innovation et le d\u00e9veloppement de formules. Un profil d&rsquo;expert \u00e0 360\u00b0 avec un engagement fort sur la qualit\u00e9 et la sensorialit\u00e9. Une d\u00e9marche \u00ab\u00a0Haute-couture\u00a0\u00bb dans le souci du d\u00e9tail et la recherche de l&rsquo;excellence.<\/p>\n<\/div>\n\t\t\t<\/div>\n\t\t<\/div>\n\t<\/div>\n\n\n\n\n\t<div class=\"container content__block block__circle right\">\n\t\t<div class=\"row\">\n\t\t\t<div class=\"col-lg-8 offset-lg-4\">\n\t\t\t\t<div class=\"item\">\n\t\t\t\t\t<div class=\"title\">Ce que nous faisons<\/div>\n\t\t\t\t\t<div class=\"info\">Soins &#038; Parfums<\/div>\n\t\t\t\t<\/div>\n\t\t\t<\/div>\n\t\t<\/div>\n\t<\/div>\n\n\n\t<div class=\"container content__block block__text \">\n\t\t<div class=\"row\">\n\t\t\t<div class=\"col-md-10 col-lg-8\">\n\t\t\t\t<div class=\"text_container\"><p>EXPERIS est organis\u00e9 en 3 savoir-faire compl\u00e9mentaires [Create, Invent, Formulate] couvrant l&rsquo;ensemble du spectre du d\u00e9veloppement de produits, de la premi\u00e8re id\u00e9e \u00e0 la formule finale.<\/p>\n<\/div>\n\t\t\t<\/div>\n\t\t<\/div>\n\t<\/div>\n\n\n\n\n\t<div class=\"container content__block block__circle left\">\n\t\t<div class=\"row\">\n\t\t\t<div class=\"col-lg-8 \">\n\t\t\t\t<div class=\"item\">\n\t\t\t\t\t<div class=\"title\">O\u00f9 nous sommes<\/div>\n\t\t\t\t\t<div class=\"info\">Lyon, FR &#038; Seoul, KR<\/div>\n\t\t\t\t<\/div>\n\t\t\t<\/div>\n\t\t<\/div>\n\t<\/div>\n\n\n\t<div class=\"container content__block block__text \">\n\t\t<div class=\"row\">\n\t\t\t<div class=\"col-md-10 col-lg-8  offset-md-1 offset-lg-2\">\n\t\t\t\t<div class=\"text_container\"><p>Notre laboratoire et espace de cr\u00e9ation est situ\u00e9 \u00e0 Lyon, en France, et est repr\u00e9sent\u00e9 \u00e0 S\u00e9oul, en Cor\u00e9e du Sud, par notre partenaire local Latitude 37.<\/p>\n<\/div>\n\t\t\t<\/div>\n\t\t<\/div>\n\t<\/div>\n\n\n\n\n\t<div class=\"container content__block block__circle right\">\n\t\t<div class=\"row\">\n\t\t\t<div class=\"col-lg-8 offset-lg-4\">\n\t\t\t\t<div class=\"item\">\n\t\t\t\t\t<div class=\"title\">O\u00f9 nous travaillons<\/div>\n\t\t\t\t\t<div class=\"info\">EU, USA, Asie<\/div>\n\t\t\t\t<\/div>\n\t\t\t<\/div>\n\t\t<\/div>\n\t<\/div>\n\n\n\t<div class=\"container content__block block__text \">\n\t\t<div class=\"row\">\n\t\t\t<div class=\"col-md-10 col-lg-8  offset-md-1 offset-lg-2\">\n\t\t\t\t<div class=\"text_container\"><p>Depuis 2006, nos aventures nous ont amen\u00e9s \u00e0 travailler pour des marques du monde entier, d\u00e9couvrant autant de talents que de cultures diff\u00e9rentes.<\/p>\n<\/div>\n\t\t\t<\/div>\n\t\t<\/div>\n\t<\/div>\n\n\n\n\n\t<div class=\"container content__block block__circle left\">\n\t\t<div class=\"row\">\n\t\t\t<div class=\"col-lg-8 \">\n\t\t\t\t<div class=\"item\">\n\t\t\t\t\t<div class=\"title\">L&rsquo;\u00e9quipe<\/div>\n\t\t\t\t\t<div class=\"info\">Des passionn\u00e9s de Beaut\u00e9<\/div>\n\t\t\t\t<\/div>\n\t\t\t<\/div>\n\t\t<\/div>\n\t<\/div>\n\n\n\n\t<div class=\"container content__block block__people\">\n\t\n\t\t\n\t\t\t<div class=\"row\">\n\t\t\t\t<div class=\"item col-md-4 col-lg-3 offset-lg-2\">\n\n\t\t\t\t\t\t\t\t\t\t<div class=\"img\">\n\t\t\t\t\t\t<img decoding=\"async\"   src=\"https:\/\/www.experis.fr\/wp-content\/uploads\/2022\/01\/Fre\u0301de\u0301ric-Burtin-_-profile-pictures-17-400x600.jpg\"  srcset=\"https:\/\/www.experis.fr\/wp-content\/uploads\/2022\/01\/Fre\u0301de\u0301ric-Burtin-_-profile-pictures-17-400x600.jpg 400w, https:\/\/www.experis.fr\/wp-content\/uploads\/2022\/01\/Fre\u0301de\u0301ric-Burtin-_-profile-pictures-17-1000x1500.jpg 1000w, https:\/\/www.experis.fr\/wp-content\/uploads\/2022\/01\/Fre\u0301de\u0301ric-Burtin-_-profile-pictures-17-600x900.jpg 600w\" sizes=\"(max-width:400px) 100vw, 400px\">\t\t\t\t\t<\/div>\n\n\n\t\t\t\t\t<div class=\"meta\">\n\n\n\t\t\t\t\t\t\t\t\t\t\t<div class=\"name\">\n\t\t\t\t\t\t\t<p>Fr\u00e9d\u00e9ric<\/p>\n\t\t\t\t\t\t<\/div>\n\t\t\t\t\t\n\t\t\t\t\t\t\t\t\t\t\t<div class=\"job\">\n\t\t\t\t\t\t\t<p>Fondateur &#038; CEO<\/p>\n\t\t\t\t\t\t<\/div>\n\t\t\t\t\t\n\t\t\t\t\t\t\t\t\t\t\t<div class=\"text_container\">\n\t\t\t\t\t\t\t<p>Biologiste et chimiste + \u00e9cole de parfumerie de Versailles. 15 ans comme chimiste en chef des soins pour le groupe LVMH (Dior, Guerlain, Kenzo, Fresh, Givenchy&#8230;). Cr\u00e9ateur de la marque de parfums de niche Institut Tr\u00e8s Bien.<\/p>\n\t\t\t\t\t\t<\/div>\n\t\t\t\t\t\t\t\t\t\t\n\n\t\t\t\t\t<\/div>\n\n\t\t\t\t<\/div>\n\n\t\t\t\n\t\t\t\n\t\t\n\t\t\t\n\t\t\t\t<div class=\"item col-md-4 col-lg-3 \">\n\n\t\t\t\t\t\t\t\t\t\t<div class=\"img\">\n\t\t\t\t\t\t<img decoding=\"async\"   src=\"\"  srcset=\"\" sizes=\"(max-width:px) 100vw, px\">\t\t\t\t\t<\/div>\n\n\n\t\t\t\t\t<div class=\"meta\">\n\n\n\t\t\t\t\t\t\t\t\t\t\t<div class=\"name\">\n\t\t\t\t\t\t\t<p>Lucile<\/p>\n\t\t\t\t\t\t<\/div>\n\t\t\t\t\t\n\t\t\t\t\t\t\t\t\t\t\t<div class=\"job\">\n\t\t\t\t\t\t\t<p>R&#038;D Engineer<\/p>\n\t\t\t\t\t\t<\/div>\n\t\t\t\t\t\n\t\t\t\t\t\t\t\t\t\t\t<div class=\"text_container\">\n\t\t\t\t\t\t\t<p>Dipl\u00f4me d&rsquo;ing\u00e9nieur en chimie des formulations \u00e0 l&rsquo;\u00e9cole d&rsquo;ing\u00e9nieurs ITECH LYON.<\/p>\n\t\t\t\t\t\t<\/div>\n\t\t\t\t\t\t\t\t\t\t\n\n\t\t\t\t\t<\/div>\n\n\t\t\t\t<\/div>\n\n\t\t\t<\/div>\n\t\t\t\n\t\t\n\t<\/div>\n\n\n\n\t<div class=\"container content__block block__circle right\">\n\t\t<div class=\"row\">\n\t\t\t<div class=\"col-lg-8 offset-lg-4\">\n\t\t\t\t<div class=\"item\">\n\t\t\t\t\t<div class=\"title\">Nos partenaires<\/div>\n\t\t\t\t\t<div class=\"info\">Nous aimons travailler avec eux !<\/div>\n\t\t\t\t<\/div>\n\t\t\t<\/div>\n\t\t<\/div>\n\t<\/div>\n\n\n\t<div class=\"container content__block block__logos\">\n\t\t<div class=\"row\">\n\t\t\t<div class=\"col-md-10 col-lg-8 offset-md-1 offset-lg-2\">\n\t\t\t\t<div class=\"row\">\n\t\t\t\t\t\t\t\t\t\t\t<div class=\"item col-6 col-sm-3\">\n\t\t\t\t\t\t\t<a href=\"http:\/\/www.latitude-37.com\" target=\"_blank\">\t\t\t\t\t\t\t\t\t\t\t\t\t\t<div class=\"img_container\">\n\t\t\t\t\t\t\t\t<img decoding=\"async\" src=\"https:\/\/www.experis.fr\/wp-content\/uploads\/2020\/11\/2_LOGO-LATITUDE.png\" alt=\"\">\n\t\t\t\t\t\t\t<\/div>\n\t\t\t\t\t\t\t<\/a>\t\t\t\t\t\t<\/div>\n\t\t\t\t\t\t\t\t\t\t\t<div class=\"item col-6 col-sm-3\">\n\t\t\t\t\t\t\t<a href=\"http:\/\/www.inspiration-creation.com\/\" target=\"_blank\">\t\t\t\t\t\t\t\t\t\t\t\t\t\t<div class=\"img_container\">\n\t\t\t\t\t\t\t\t<img decoding=\"async\" src=\"https:\/\/www.experis.fr\/wp-content\/uploads\/2020\/11\/3_LOGO-CIC.png\" alt=\"\">\n\t\t\t\t\t\t\t<\/div>\n\t\t\t\t\t\t\t<\/a>\t\t\t\t\t\t<\/div>\n\t\t\t\t\t\t\t\t\t\t\t<div class=\"item col-6 col-sm-3\">\n\t\t\t\t\t\t\t<a href=\"http:\/\/www.pallidafragrances.fr\/\" target=\"_blank\">\t\t\t\t\t\t\t\t\t\t\t\t\t\t<div class=\"img_container\">\n\t\t\t\t\t\t\t\t<img decoding=\"async\" src=\"https:\/\/www.experis.fr\/wp-content\/uploads\/2020\/11\/4_LOGO-PALLIDA.png\" alt=\"\">\n\t\t\t\t\t\t\t<\/div>\n\t\t\t\t\t\t\t<\/a>\t\t\t\t\t\t<\/div>\n\t\t\t\t\t\t\t\t\t\t\t<div class=\"item col-6 col-sm-3\">\n\t\t\t\t\t\t\t<a href=\"http:\/\/vaninamuracciole.com\/\" target=\"_blank\">\t\t\t\t\t\t\t\t\t\t\t\t\t\t<div class=\"img_container\">\n\t\t\t\t\t\t\t\t<img decoding=\"async\" src=\"https:\/\/www.experis.fr\/wp-content\/uploads\/2020\/11\/5_LOGO-VANINA.png\" alt=\"\">\n\t\t\t\t\t\t\t<\/div>\n\t\t\t\t\t\t\t<\/a>\t\t\t\t\t\t<\/div>\n\t\t\t\t\t\t\t\t\t<\/div>\n\t\t\t<\/div>\n\t\t<\/div>\n\t<\/div>\n\n\n\t<div class=\"container content__block block__title\">\n\t\t<div class=\"row\">\n\t\t\t<div class=\"col-md-10 col-lg-8 offset-md-1 offset-lg-2\">\n\t\t\t\t<h2 class=\"title\">Ils disent de nous !<\/h2>\n\t\t\t<\/div>\n\t\t<\/div>\n\t<\/div>\n\n\n\n\t<div class=\"container content__block block__testimonial\">\n\t\t<div class=\"row\">\n\t\t\t<div class=\"col-md-10 col-lg-8 offset-md-1 offset-lg-2\">\n\t\t\t\t<div class=\"item\">\n\t\t\t\t\t<div class=\"content\">Lorsque l&rsquo;on parle de d\u00e9veloppement de soins et de parfums, la curiosit\u00e9, la cr\u00e9ativit\u00e9 et l&rsquo;exp\u00e9rience de Frederic se m\u00ealent naturellement ! Cela a remarquablement rendu chaque projet que nous avons r\u00e9alis\u00e9 ensemble si passionnant !<\/div>\n\t\t\t\t\t<div class=\"name\">Xavier Dufoix<\/div>\n\t\t\t\t\t<div class=\"job_company\">Fondateur &#038; CEO _ Latitude 37<\/div>\n\t\t\t\t<\/div>\n\t\t\t<\/div>\n\t\t<\/div>\n\t<\/div>\n\n\n\n\t<div class=\"container content__block block__testimonial\">\n\t\t<div class=\"row\">\n\t\t\t<div class=\"col-md-10 col-lg-8 offset-md-1 offset-lg-2\">\n\t\t\t\t<div class=\"item\">\n\t\t\t\t\t<div class=\"content\">Fr\u00e9d\u00e9ric est un partenaire fantastique, tr\u00e8s pointu et tr\u00e8s professionnel. Il est toujours inventif, soucieux des solutions et cr\u00e9atif dans son approche. C&rsquo;est le genre de personne en qui vous pouvez avoir confiance et avec qui vous aimerez travailler !<\/div>\n\t\t\t\t\t<div class=\"name\">Le\u00efla Rochet<\/div>\n\t\t\t\t\t<div class=\"job_company\">Fondatrice &#038; CEO _ Cosmetics Inspiration &#038; Creation<\/div>\n\t\t\t\t<\/div>\n\t\t\t<\/div>\n\t\t<\/div>\n\t<\/div>\n\n\n\n\t<div class=\"container content__block block__testimonial\">\n\t\t<div class=\"row\">\n\t\t\t<div class=\"col-md-10 col-lg-8 offset-md-1 offset-lg-2\">\n\t\t\t\t<div class=\"item\">\n\t\t\t\t\t<div class=\"content\">Lorsque j&rsquo;ai besoin d&rsquo;un conseil ou d&rsquo;un d\u00e9veloppement sp\u00e9cifique, je sais que Fr\u00e9d\u00e9ric sera le partenaire id\u00e9al. Sa comp\u00e9tence et sa cr\u00e9ativit\u00e9 sont toujours la bonne r\u00e9ponse \u00e0 mes demandes ou \u00e0 celles de mes clients !<\/div>\n\t\t\t\t\t<div class=\"name\">Thomas Fontaine<\/div>\n\t\t\t\t\t<div class=\"job_company\">Fondateur &#038; CEO _ Pallida Fragrances<\/div>\n\t\t\t\t<\/div>\n\t\t\t<\/div>\n\t\t<\/div>\n\t<\/div>\n\n\n\n\t<div class=\"container content__block block__circle left\">\n\t\t<div class=\"row\">\n\t\t\t<div class=\"col-lg-8 \">\n\t\t\t\t<div class=\"item\">\n\t\t\t\t\t<div class=\"title\">Nos r\u00e9alisations<\/div>\n\t\t\t\t\t<div class=\"info\">Fiers de !<\/div>\n\t\t\t\t<\/div>\n\t\t\t<\/div>\n\t\t<\/div>\n\t<\/div>\n\n\n\t<div class=\"container content__block block__logos\">\n\t\t<div class=\"row\">\n\t\t\t<div class=\"col-md-10 col-lg-8 offset-md-1 offset-lg-2\">\n\t\t\t\t<div class=\"row\">\n\t\t\t\t\t\t\t\t\t\t\t<div class=\"item col-6 col-sm-3\">\n\t\t\t\t\t\t\t\t\t\t\t\t\t\t\t\t\t\t\t\t\t<div class=\"img_container\">\n\t\t\t\t\t\t\t\t<img decoding=\"async\" src=\"https:\/\/www.experis.fr\/wp-content\/uploads\/2020\/11\/1_LOGO-ITB.png\" alt=\"\">\n\t\t\t\t\t\t\t<\/div>\n\t\t\t\t\t\t\t\t\t\t\t\t\t<\/div>\n\t\t\t\t\t\t\t\t\t\t\t<div class=\"item col-6 col-sm-3\">\n\t\t\t\t\t\t\t\t\t\t\t\t\t\t\t\t\t\t\t\t\t<div class=\"img_container\">\n\t\t\t\t\t\t\t\t<img decoding=\"async\" src=\"https:\/\/www.experis.fr\/wp-content\/uploads\/2020\/11\/6_LOGO-DIPTYQUE.png\" alt=\"\">\n\t\t\t\t\t\t\t<\/div>\n\t\t\t\t\t\t\t\t\t\t\t\t\t<\/div>\n\t\t\t\t\t\t\t\t\t\t\t<div class=\"item col-6 col-sm-3\">\n\t\t\t\t\t\t\t\t\t\t\t\t\t\t\t\t\t\t\t\t\t<div class=\"img_container\">\n\t\t\t\t\t\t\t\t<img decoding=\"async\" src=\"https:\/\/www.experis.fr\/wp-content\/uploads\/2020\/11\/7_LOGO-SOOHYANG.png\" alt=\"\">\n\t\t\t\t\t\t\t<\/div>\n\t\t\t\t\t\t\t\t\t\t\t\t\t<\/div>\n\t\t\t\t\t\t\t\t\t\t\t<div class=\"item col-6 col-sm-3\">\n\t\t\t\t\t\t\t\t\t\t\t\t\t\t\t\t\t\t\t\t\t<div class=\"img_container\">\n\t\t\t\t\t\t\t\t<img decoding=\"async\" src=\"https:\/\/www.experis.fr\/wp-content\/uploads\/2020\/11\/8_LOGO-DEMAKEUP.png\" alt=\"\">\n\t\t\t\t\t\t\t<\/div>\n\t\t\t\t\t\t\t\t\t\t\t\t\t<\/div>\n\t\t\t\t\t\t\t\t\t\t\t<div class=\"item col-6 col-sm-3\">\n\t\t\t\t\t\t\t\t\t\t\t\t\t\t\t\t\t\t\t\t\t<div class=\"img_container\">\n\t\t\t\t\t\t\t\t<img decoding=\"async\" src=\"https:\/\/www.experis.fr\/wp-content\/uploads\/2020\/11\/9_LOGO-JULLAI.png\" alt=\"\">\n\t\t\t\t\t\t\t<\/div>\n\t\t\t\t\t\t\t\t\t\t\t\t\t<\/div>\n\t\t\t\t\t\t\t\t\t\t\t<div class=\"item col-6 col-sm-3\">\n\t\t\t\t\t\t\t\t\t\t\t\t\t\t\t\t\t\t\t\t\t<div class=\"img_container\">\n\t\t\t\t\t\t\t\t<img decoding=\"async\" src=\"https:\/\/www.experis.fr\/wp-content\/uploads\/2020\/11\/10_LOGO-BTS.png\" alt=\"\">\n\t\t\t\t\t\t\t<\/div>\n\t\t\t\t\t\t\t\t\t\t\t\t\t<\/div>\n\t\t\t\t\t\t\t\t\t\t\t<div class=\"item col-6 col-sm-3\">\n\t\t\t\t\t\t\t\t\t\t\t\t\t\t\t\t\t\t\t\t\t<div class=\"img_container\">\n\t\t\t\t\t\t\t\t<img decoding=\"async\" src=\"https:\/\/www.experis.fr\/wp-content\/uploads\/2020\/11\/11_LOGO-FRESH.png\" alt=\"\">\n\t\t\t\t\t\t\t<\/div>\n\t\t\t\t\t\t\t\t\t\t\t\t\t<\/div>\n\t\t\t\t\t\t\t\t\t\t\t<div class=\"item col-6 col-sm-3\">\n\t\t\t\t\t\t\t\t\t\t\t\t\t\t\t\t\t\t\t\t\t<div class=\"img_container\">\n\t\t\t\t\t\t\t\t<img decoding=\"async\" src=\"https:\/\/www.experis.fr\/wp-content\/uploads\/2020\/11\/12_LOGO-SOLO-BIANCO.png\" alt=\"\">\n\t\t\t\t\t\t\t<\/div>\n\t\t\t\t\t\t\t\t\t\t\t\t\t<\/div>\n\t\t\t\t\t\t\t\t\t\t\t<div class=\"item col-6 col-sm-3\">\n\t\t\t\t\t\t\t\t\t\t\t\t\t\t\t\t\t\t\t\t\t<div class=\"img_container\">\n\t\t\t\t\t\t\t\t<img decoding=\"async\" src=\"https:\/\/www.experis.fr\/wp-content\/uploads\/2020\/11\/13_LOGO-MUCOTA.png\" alt=\"\">\n\t\t\t\t\t\t\t<\/div>\n\t\t\t\t\t\t\t\t\t\t\t\t\t<\/div>\n\t\t\t\t\t\t\t\t\t\t\t<div class=\"item col-6 col-sm-3\">\n\t\t\t\t\t\t\t\t\t\t\t\t\t\t\t\t\t\t\t\t\t<div class=\"img_container\">\n\t\t\t\t\t\t\t\t<img decoding=\"async\" src=\"https:\/\/www.experis.fr\/wp-content\/uploads\/2020\/11\/14_LOGO-SERVIER.png\" alt=\"\">\n\t\t\t\t\t\t\t<\/div>\n\t\t\t\t\t\t\t\t\t\t\t\t\t<\/div>\n\t\t\t\t\t\t\t\t\t\t\t<div class=\"item col-6 col-sm-3\">\n\t\t\t\t\t\t\t\t\t\t\t\t\t\t\t\t\t\t\t\t\t<div class=\"img_container\">\n\t\t\t\t\t\t\t\t<img decoding=\"async\" src=\"https:\/\/www.experis.fr\/wp-content\/uploads\/2020\/11\/15_LOGO-REMEDE.png\" alt=\"\">\n\t\t\t\t\t\t\t<\/div>\n\t\t\t\t\t\t\t\t\t\t\t\t\t<\/div>\n\t\t\t\t\t\t\t\t\t\t\t<div class=\"item col-6 col-sm-3\">\n\t\t\t\t\t\t\t\t\t\t\t\t\t\t\t\t\t\t\t\t\t<div class=\"img_container\">\n\t\t\t\t\t\t\t\t<img decoding=\"async\" src=\"https:\/\/www.experis.fr\/wp-content\/uploads\/2020\/11\/16_LOGO-NARS.png\" alt=\"\">\n\t\t\t\t\t\t\t<\/div>\n\t\t\t\t\t\t\t\t\t\t\t\t\t<\/div>\n\t\t\t\t\t\t\t\t\t<\/div>\n\t\t\t<\/div>\n\t\t<\/div>\n\t<\/div>\n\n\n\t<div class=\"container content__block block__title\">\n\t\t<div class=\"row\">\n\t\t\t<div class=\"col-md-10 col-lg-8 offset-md-1 offset-lg-2\">\n\t\t\t\t<h2 class=\"title\">T\u00e9moignages<\/h2>\n\t\t\t<\/div>\n\t\t<\/div>\n\t<\/div>\n\n\n\n\t<div class=\"container content__block block__testimonial lang_kr\">\n\t\t<div class=\"row\">\n\t\t\t<div class=\"col-md-10 col-lg-8 offset-md-1 offset-lg-2\">\n\t\t\t\t<div class=\"item\">\n\t\t\t\t\t<div class=\"content\">Travailler avec Frederick m&rsquo;a ouvert la porte d&rsquo;un nouveau monde.\r\nQuand je suis all\u00e9e au laboratoire de Frederick pour la premi\u00e8re fois, j&rsquo;\u00e9tais tr\u00e8s inqui\u00e8te de savoir si je serais capable de bien faire car j&rsquo;\u00e9tais nouvelle dans le d\u00e9veloppement de cosm\u00e9tiques.\r\nIl m&rsquo;a dit que l&rsquo;histoire sinc\u00e8re du d\u00e9veloppeur est l&rsquo;ingr\u00e9dient le plus important des cosm\u00e9tiques.\r\nNotre travail a commenc\u00e9 avec les valeurs que j&rsquo;ai pour la beaut\u00e9.\r\nApr\u00e8s avoir suffisamment parl\u00e9 entre eux, il a commenc\u00e9 \u00e0 formuler les id\u00e9es qu&rsquo;il a tir\u00e9es de la conversation.\r\nC&rsquo;est un magicien des formules qui peut transformer m\u00eame les plus petites id\u00e9es en grands r\u00e9sultats.\r\n<\/div>\n\t\t\t\t\t<div class=\"name\">Soohyang Kim<\/div>\n\t\t\t\t\t<div class=\"job_company\">Fondatrice &#038; CEO _ Soohyang<\/div>\n\t\t\t\t<\/div>\n\t\t\t<\/div>\n\t\t<\/div>\n\t<\/div>\n","protected":false},"excerpt":{"rendered":"","protected":false},"author":1,"featured_media":0,"parent":0,"menu_order":0,"comment_status":"closed","ping_status":"closed","template":"template-master.php","meta":{"footnotes":""},"acf":[],"aioseo_notices":[],"_links":{"self":[{"href":"https:\/\/www.experis.fr\/fr\/wp-json\/wp\/v2\/pages\/30"}],"collection":[{"href":"https:\/\/www.experis.fr\/fr\/wp-json\/wp\/v2\/pages"}],"about":[{"href":"https:\/\/www.experis.fr\/fr\/wp-json\/wp\/v2\/types\/page"}],"author":[{"embeddable":true,"href":"https:\/\/www.experis.fr\/fr\/wp-json\/wp\/v2\/users\/1"}],"replies":[{"embeddable":true,"href":"https:\/\/www.experis.fr\/fr\/wp-json\/wp\/v2\/comments?post=30"}],"version-history":[{"count":2,"href":"https:\/\/www.experis.fr\/fr\/wp-json\/wp\/v2\/pages\/30\/revisions"}],"predecessor-version":[{"id":1257,"href":"https:\/\/www.experis.fr\/fr\/wp-json\/wp\/v2\/pages\/30\/revisions\/1257"}],"wp:attachment":[{"href":"https:\/\/www.experis.fr\/fr\/wp-json\/wp\/v2\/media?parent=30"}],"curies":[{"name":"wp","href":"https:\/\/api.w.org\/{rel}","templated":true}]}}